{"id":390,"date":"2013-06-04T16:41:03","date_gmt":"2013-06-04T16:41:03","guid":{"rendered":"http:\/\/luzpaisajistica.es\/?page_id=390"},"modified":"2021-05-19T04:44:35","modified_gmt":"2021-05-19T04:44:35","slug":"blog","status":"publish","type":"page","link":"https:\/\/luzpaisajistica.es\/?page_id=390","title":{"rendered":"Blog"},"content":{"rendered":"<h1>Bufones de Pria<\/h1>\n<p style=\"text-align: center;\">Los<span class=\"Apple-converted-space\">\u00a0<\/span><b>bufones de Pr\u00eda<\/b><span class=\"Apple-converted-space\">\u00a0<\/span>se encuentran en la localidad<span class=\"Apple-converted-space\">\u00a0<\/span><a title=\"Espa\u00f1a\" href=\"https:\/\/es.wikipedia.org\/wiki\/Espa%C3%B1a\">espa\u00f1ola<\/a><span class=\"Apple-converted-space\">\u00a0<\/span>de<span class=\"Apple-converted-space\">\u00a0<\/span><a class=\"new\" title=\"Llanes de Pr\u00eda (a\u00fan no redactado)\" href=\"https:\/\/es.wikipedia.org\/w\/index.php?title=Llanes_de_Pr%C3%ADa&amp;action=edit&amp;redlink=1\">Llanes de Pr\u00eda<\/a>, en el<span class=\"Apple-converted-space\">\u00a0<\/span><a title=\"Concejo (Asturias)\" href=\"https:\/\/es.wikipedia.org\/wiki\/Concejo_(Asturias)\">concejo<\/a><span class=\"Apple-converted-space\">\u00a0<\/span><a title=\"Asturias\" href=\"https:\/\/es.wikipedia.org\/wiki\/Asturias\">asturiano<\/a><span class=\"Apple-converted-space\">\u00a0<\/span>de<span class=\"Apple-converted-space\">\u00a0<\/span><a title=\"Llanes\" href=\"https:\/\/es.wikipedia.org\/wiki\/Llanes\">Llanes<\/a>. Se trata de la agrupaci\u00f3n de<span class=\"Apple-converted-space\">\u00a0<\/span><a class=\"mw-redirect\" title=\"Buf\u00f3n (geolog\u00eda)\" href=\"https:\/\/es.wikipedia.org\/wiki\/Buf%C3%B3n_(geolog%C3%ADa)\">bufones<\/a><span class=\"Apple-converted-space\">\u00a0<\/span>m\u00e1s occidental de la costa asturiana. Est\u00e1 integrado dentro del<span class=\"Apple-converted-space\">\u00a0<\/span><a title=\"\" href=\"https:\/\/es.wikipedia.org\/wiki\/Paisaje_Protegido_de_la_Costa_Oriental_de_Asturias\">Paisaje Protegido de la Costa Oriental de Asturias<\/a>.<sup class=\"reference separada\"><a href=\"https:\/\/es.wikipedia.org\/wiki\/Bufones_de_Pr%C3%ADa#cite_note-1\">1\u200b<\/a><\/sup><\/p>\n<p style=\"text-align: center;\"><a href=\"https:\/\/es.wikipedia.org\/wiki\/Bufones_de_Pr%C3%ADa#cite_note-1\">Un <\/a><a class=\"mw-redirect\" title=\"Buf\u00f3n (geolog\u00eda)\" href=\"https:\/\/es.wikipedia.org\/wiki\/Buf%C3%B3n_(geolog%C3%ADa)\">buf\u00f3n<\/a> es una formaci\u00f3n <a class=\"mw-redirect\" title=\"K\u00e1rstica\" href=\"https:\/\/es.wikipedia.org\/wiki\/K%C3%A1rstica\">k\u00e1rstica<\/a> que consiste en un orificio vertical formado a pocos metros del borde de un acantilado de roca <a title=\"Caliza\" href=\"https:\/\/es.wikipedia.org\/wiki\/Caliza\">caliza<\/a> y que inferiormente comunica con el mar. Cuando la marea sube y las olas baten con fuerza, expulsa hacia arriba un chorro de agua de mar pulverizada, lo que provoca un sonido caracter\u00edstico que es lo que le da el nombre de buf\u00f3n. La columna de agua pulverizada puede alcanzar m\u00e1s de 10 metros de altura y el bufido o\u00edrse a varios kil\u00f3metros.<\/p>\n<h1><\/h1>\n<h1><a href=\"https:\/\/luzpaisajistica.es\/wp-content\/uploads\/30012021-30012021-_DSC5800-1.jpg\" rel=\"attachment wp-att-1704\"><img decoding=\"async\" loading=\"lazy\" class=\"aligncenter wp-image-1704 size-full\" src=\"https:\/\/luzpaisajistica.es\/wp-content\/uploads\/30012021-30012021-_DSC5800-1.jpg\" alt=\"\" width=\"1280\" height=\"854\" srcset=\"https:\/\/luzpaisajistica.es\/wp-content\/uploads\/30012021-30012021-_DSC5800-1.jpg 1280w, https:\/\/luzpaisajistica.es\/wp-content\/uploads\/30012021-30012021-_DSC5800-1-300x200.jpg 300w, https:\/\/luzpaisajistica.es\/wp-content\/uploads\/30012021-30012021-_DSC5800-1-1024x683.jpg 1024w\" sizes=\"(max-width: 1280px) 100vw, 1280px\" \/><\/a><a href=\"https:\/\/luzpaisajistica.es\/?attachment_id=1683\" rel=\"attachment wp-att-1683\"><br \/>\n<\/a><\/h1>\n<p><a href=\"https:\/\/luzpaisajistica.es\/wp-content\/uploads\/30012021-30012021-_DSC5778-1.jpg\" rel=\"attachment wp-att-1703\"><img decoding=\"async\" loading=\"lazy\" class=\"aligncenter wp-image-1703 size-full\" src=\"https:\/\/luzpaisajistica.es\/wp-content\/uploads\/30012021-30012021-_DSC5778-1.jpg\" alt=\"\" width=\"1280\" height=\"854\" srcset=\"https:\/\/luzpaisajistica.es\/wp-content\/uploads\/30012021-30012021-_DSC5778-1.jpg 1280w, https:\/\/luzpaisajistica.es\/wp-content\/uploads\/30012021-30012021-_DSC5778-1-300x200.jpg 300w, https:\/\/luzpaisajistica.es\/wp-content\/uploads\/30012021-30012021-_DSC5778-1-1024x683.jpg 1024w\" sizes=\"(max-width: 1280px) 100vw, 1280px\" \/><\/a><\/p>\n<h1><a href=\"https:\/\/luzpaisajistica.es\/?attachment_id=1682\" rel=\"attachment wp-att-1682\">\u00ad<\/a><\/h1>\n<h1><a href=\"https:\/\/luzpaisajistica.es\/?attachment_id=1682\" rel=\"attachment wp-att-1682\">\u00ad<\/a><\/h1>\n<h1><a href=\"https:\/\/luzpaisajistica.es\/wp-content\/uploads\/30012021-30012021-_DSC5697-2-1.jpg\" rel=\"attachment wp-att-1702\">\u00a0<img decoding=\"async\" loading=\"lazy\" class=\"aligncenter wp-image-1702 size-full\" src=\"https:\/\/luzpaisajistica.es\/wp-content\/uploads\/30012021-30012021-_DSC5697-2-1.jpg\" alt=\"\" width=\"1280\" height=\"854\" srcset=\"https:\/\/luzpaisajistica.es\/wp-content\/uploads\/30012021-30012021-_DSC5697-2-1.jpg 1280w, https:\/\/luzpaisajistica.es\/wp-content\/uploads\/30012021-30012021-_DSC5697-2-1-300x200.jpg 300w, https:\/\/luzpaisajistica.es\/wp-content\/uploads\/30012021-30012021-_DSC5697-2-1-1024x683.jpg 1024w\" sizes=\"(max-width: 1280px) 100vw, 1280px\" \/><\/a><a href=\"https:\/\/luzpaisajistica.es\/?attachment_id=1682\" rel=\"attachment wp-att-1682\">\u00a0<\/a><\/h1>\n<h1><a href=\"https:\/\/luzpaisajistica.es\/wp-content\/uploads\/30012021-30012021-_DSC5693-1.jpg\" rel=\"attachment wp-att-1701\"><img decoding=\"async\" loading=\"lazy\" class=\"aligncenter wp-image-1701 size-full\" src=\"https:\/\/luzpaisajistica.es\/wp-content\/uploads\/30012021-30012021-_DSC5693-1.jpg\" alt=\"\" width=\"1280\" height=\"855\" srcset=\"https:\/\/luzpaisajistica.es\/wp-content\/uploads\/30012021-30012021-_DSC5693-1.jpg 1280w, https:\/\/luzpaisajistica.es\/wp-content\/uploads\/30012021-30012021-_DSC5693-1-300x200.jpg 300w, https:\/\/luzpaisajistica.es\/wp-content\/uploads\/30012021-30012021-_DSC5693-1-1024x684.jpg 1024w\" sizes=\"(max-width: 1280px) 100vw, 1280px\" \/><\/a><\/h1>\n<h1><\/h1>\n<h1><a href=\"https:\/\/luzpaisajistica.es\/wp-content\/uploads\/30012021-30012021-_DSC5583-2-1.jpg\" rel=\"attachment wp-att-1700\">\u00a0<img decoding=\"async\" loading=\"lazy\" class=\"aligncenter wp-image-1700 size-full\" src=\"https:\/\/luzpaisajistica.es\/wp-content\/uploads\/30012021-30012021-_DSC5583-2-1.jpg\" alt=\"\" width=\"1280\" height=\"854\" srcset=\"https:\/\/luzpaisajistica.es\/wp-content\/uploads\/30012021-30012021-_DSC5583-2-1.jpg 1280w, https:\/\/luzpaisajistica.es\/wp-content\/uploads\/30012021-30012021-_DSC5583-2-1-300x200.jpg 300w, https:\/\/luzpaisajistica.es\/wp-content\/uploads\/30012021-30012021-_DSC5583-2-1-1024x683.jpg 1024w\" sizes=\"(max-width: 1280px) 100vw, 1280px\" \/><\/a><\/h1>\n<h1><a href=\"https:\/\/luzpaisajistica.es\/?attachment_id=1680\" rel=\"attachment wp-att-1680\">\u00a0\u00a0\u00a0<\/a><\/h1>\n<hr \/>\n<h1><\/h1>\n<h1>Asturias tormentosa<\/h1>\n<p><a href=\"https:\/\/luzpaisajistica.es\/wp-content\/uploads\/12032017-12032017-12032017-aguilar001-2.jpg\" rel=\"attachment wp-att-1631\"><br \/>\n<img decoding=\"async\" loading=\"lazy\" class=\"aligncenter wp-image-1631 size-full\" src=\"https:\/\/luzpaisajistica.es\/wp-content\/uploads\/12032017-12032017-12032017-aguilar001-2.jpg\" alt=\"\" width=\"1224\" height=\"583\" srcset=\"https:\/\/luzpaisajistica.es\/wp-content\/uploads\/12032017-12032017-12032017-aguilar001-2.jpg 1224w, https:\/\/luzpaisajistica.es\/wp-content\/uploads\/12032017-12032017-12032017-aguilar001-2-300x143.jpg 300w, https:\/\/luzpaisajistica.es\/wp-content\/uploads\/12032017-12032017-12032017-aguilar001-2-1024x488.jpg 1024w\" sizes=\"(max-width: 1224px) 100vw, 1224px\" \/><\/a><a href=\"https:\/\/luzpaisajistica.es\/wp-content\/uploads\/camino.png\" rel=\"attachment wp-att-1558\">\u00a0 \u00a0 \u00a0 \u00a0 \u00a0 \u00a0 \u00a0 \u00a0 \u00a0 \u00a0 \u00a0 \u00a0 \u00a0 \u00a0 \u00a0 \u00a0 \u00a0 \u00a0 \u00a0 \u00a0 \u00a0 \u00a0playa de Aguilar, Asturias<\/a><\/p>\n<h6><\/h6>\n<p><a href=\"https:\/\/luzpaisajistica.es\/wp-content\/uploads\/12032017-12032017-12032017-_DSC9815.jpg\" rel=\"attachment wp-att-1644\"><img decoding=\"async\" loading=\"lazy\" class=\"aligncenter wp-image-1644 size-full\" src=\"https:\/\/luzpaisajistica.es\/wp-content\/uploads\/12032017-12032017-12032017-_DSC9815.jpg\" alt=\"\" width=\"1224\" height=\"817\" srcset=\"https:\/\/luzpaisajistica.es\/wp-content\/uploads\/12032017-12032017-12032017-_DSC9815.jpg 1224w, https:\/\/luzpaisajistica.es\/wp-content\/uploads\/12032017-12032017-12032017-_DSC9815-300x200.jpg 300w, https:\/\/luzpaisajistica.es\/wp-content\/uploads\/12032017-12032017-12032017-_DSC9815-1024x684.jpg 1024w\" sizes=\"(max-width: 1224px) 100vw, 1224px\" \/>\u00a0 \u00a0 \u00a0 \u00a0 \u00a0 \u00a0 \u00a0 \u00a0 \u00a0 \u00a0 \u00a0 \u00a0 \u00a0 \u00a0 \u00a0 \u00a0 \u00a0 \u00a0 \u00a0 \u00a0 \u00a0 \u00a0playa de Aguilar, Asturias<\/a><\/p>\n<hr \/>\n<h1>Rincones de Fontaniecha<\/h1>\n<p style=\"text-align: justify;\"><strong>Preciosos rincones de esta<\/strong> bella<strong> Playa de Fontaniecha, localizada en\u00a0en el <a title=\"Concejo (Asturias)\" href=\"https:\/\/es.wikipedia.org\/wiki\/Concejo_(Asturias)\">concejo<\/a> de <a title=\"Vald\u00e9s\" href=\"https:\/\/es.wikipedia.org\/wiki\/Vald%C3%A9s\">Vald\u00e9s<\/a>, en el occidente del <a class=\"mw-redirect\" title=\"Principado de Asturias\" href=\"https:\/\/es.wikipedia.org\/wiki\/Principado_de_Asturias\">Principado de Asturias<\/a> (<a title=\"Espa\u00f1a\" href=\"https:\/\/es.wikipedia.org\/wiki\/Espa%C3%B1a\">Espa\u00f1a<\/a>) y pertenece al pueblo de <a title=\"Cadavedo\" href=\"https:\/\/es.wikipedia.org\/wiki\/Cadavedo\">Cadavedo<\/a>. Forma parte de la <a title=\"Costa Occidental de Asturias\" href=\"https:\/\/es.wikipedia.org\/wiki\/Costa_Occidental_de_Asturias\">Costa Occidental de Asturias<\/a>, en el tramo que se enmarca en el conocido <a title=\"Paisaje Protegido de la Costa Occidental de Asturias\" href=\"https:\/\/es.wikipedia.org\/wiki\/Paisaje_Protegido_de_la_Costa_Occidental_de_Asturias\">Paisaje Protegido de la Costa Occidental de Asturias.<\/a><\/strong><sup id=\"cite_ref-sig_2-1\" class=\"reference separada\"><\/sup><\/p>\n<p><a href=\"https:\/\/luzpaisajistica.es\/wp-content\/uploads\/23092018-23092018-_DSC7435.jpg\" rel=\"attachment wp-att-1482\"><img decoding=\"async\" loading=\"lazy\" class=\"aligncenter wp-image-1482\" src=\"https:\/\/luzpaisajistica.es\/wp-content\/uploads\/23092018-23092018-_DSC7435.jpg\" alt=\"\" width=\"1024\" height=\"684\" srcset=\"https:\/\/luzpaisajistica.es\/wp-content\/uploads\/23092018-23092018-_DSC7435.jpg 1224w, https:\/\/luzpaisajistica.es\/wp-content\/uploads\/23092018-23092018-_DSC7435-300x200.jpg 300w, https:\/\/luzpaisajistica.es\/wp-content\/uploads\/23092018-23092018-_DSC7435-1024x684.jpg 1024w\" sizes=\"(max-width: 1024px) 100vw, 1024px\" \/><\/a><\/p>\n<p style=\"text-align: justify;\"><a href=\"https:\/\/luzpaisajistica.es\/wp-content\/uploads\/23092018-23092018-_DSC7396-3.jpg\" rel=\"attachment wp-att-1481\"><img decoding=\"async\" loading=\"lazy\" class=\"aligncenter wp-image-1481 size-large\" src=\"https:\/\/luzpaisajistica.es\/wp-content\/uploads\/23092018-23092018-_DSC7396-3-1024x684.jpg\" alt=\"\" width=\"1024\" height=\"684\" srcset=\"https:\/\/luzpaisajistica.es\/wp-content\/uploads\/23092018-23092018-_DSC7396-3-1024x684.jpg 1024w, https:\/\/luzpaisajistica.es\/wp-content\/uploads\/23092018-23092018-_DSC7396-3-300x200.jpg 300w, https:\/\/luzpaisajistica.es\/wp-content\/uploads\/23092018-23092018-_DSC7396-3.jpg 1224w\" sizes=\"(max-width: 1024px) 100vw, 1024px\" \/><\/a><\/p>\n<hr \/>\n<h1>Las Cuatro Estaciones<\/h1>\n<p><strong><span style=\"color: #000000;\">Siempre\u00a0 \u00a0me\u00a0 \u00a0gusto\u00a0 \u00a0ver\u00a0 \u00a0el\u00a0 \u00a0trabajo\u00a0 \u00a0y\u00a0 el\u00a0 esfuerzo\u00a0 que\u00a0 requiere\u00a0 para\u00a0 el fot\u00f3grafo,\u00a0 \u00a0cuando\u00a0 \u00a0tienes\u00a0 \u00a0que\u00a0 \u00a0hacer\u00a0 \u00a0fotos\u00a0 \u00a0del\u00a0 \u00a0mismo\u00a0 sitio,\u00a0 y\u00a0 quieres representar en ellas las cuatro estaciones del a\u00f1o, y aqu\u00ed en Asturias, donde vivo , esa\u00a0 diferencia es bastante acentuada. Os muestro las que hice de esta bella localidad asturiana.<\/span><\/strong><\/p>\n<p><a href=\"https:\/\/luzpaisajistica.es\/wp-content\/uploads\/camino.png\" rel=\"attachment wp-att-1558\"><img decoding=\"async\" loading=\"lazy\" class=\"aligncenter wp-image-1558 size-full\" src=\"https:\/\/luzpaisajistica.es\/wp-content\/uploads\/camino.png\" alt=\"\" width=\"987\" height=\"660\" srcset=\"https:\/\/luzpaisajistica.es\/wp-content\/uploads\/camino.png 987w, https:\/\/luzpaisajistica.es\/wp-content\/uploads\/camino-300x201.png 300w\" sizes=\"(max-width: 987px) 100vw, 987px\" \/>\u00a0 \u00a0 \u00a0 \u00a0 \u00a0 \u00a0 \u00a0 \u00a0 \u00a0 \u00a0 \u00a0 \u00a0 \u00a0 \u00a0 \u00a0 \u00a0 \u00a0 \u00a0 \u00a0 \u00a0 \u00a0 \u00a0Concejo de Aller, Asturias<\/a><\/p>\n<p><a href=\"https:\/\/luzpaisajistica.es\/wp-content\/uploads\/puerta-1.png\" rel=\"attachment wp-att-1574\"><img decoding=\"async\" loading=\"lazy\" class=\"aligncenter wp-image-1574 size-full\" src=\"https:\/\/luzpaisajistica.es\/wp-content\/uploads\/puerta-1.png\" alt=\"\" width=\"987\" height=\"659\" srcset=\"https:\/\/luzpaisajistica.es\/wp-content\/uploads\/puerta-1.png 987w, https:\/\/luzpaisajistica.es\/wp-content\/uploads\/puerta-1-300x200.png 300w\" sizes=\"(max-width: 987px) 100vw, 987px\" \/><\/a><a href=\"https:\/\/luzpaisajistica.es\/wp-content\/uploads\/camino.png\" rel=\"attachment wp-att-1558\">\u00a0 \u00a0 \u00a0 \u00a0 \u00a0 \u00a0 \u00a0 \u00a0 \u00a0 \u00a0 \u00a0 \u00a0 \u00a0 \u00a0 \u00a0 \u00a0 \u00a0 \u00a0 \u00a0 \u00a0 \u00a0 \u00a0Concejo de Aller, Asturias<\/a><\/p>\n<p><a href=\"https:\/\/luzpaisajistica.es\/wp-content\/uploads\/pajares.png\" rel=\"attachment wp-att-1570\"><img decoding=\"async\" loading=\"lazy\" class=\"aligncenter wp-image-1570 size-full\" src=\"https:\/\/luzpaisajistica.es\/wp-content\/uploads\/pajares.png\" alt=\"\" width=\"987\" height=\"656\" srcset=\"https:\/\/luzpaisajistica.es\/wp-content\/uploads\/pajares.png 987w, https:\/\/luzpaisajistica.es\/wp-content\/uploads\/pajares-300x199.png 300w\" sizes=\"(max-width: 987px) 100vw, 987px\" \/><\/a><a href=\"https:\/\/luzpaisajistica.es\/wp-content\/uploads\/camino.png\" rel=\"attachment wp-att-1558\">\u00a0 \u00a0 \u00a0 \u00a0 \u00a0 \u00a0 \u00a0 \u00a0 \u00a0 \u00a0 \u00a0 \u00a0 \u00a0 \u00a0 \u00a0 \u00a0 \u00a0 \u00a0 \u00a0 \u00a0 \u00a0 \u00a0Concejo de Pajares, Asturias<\/a><\/p>\n<p><a href=\"https:\/\/luzpaisajistica.es\/wp-content\/uploads\/camino_pajares.png\" rel=\"attachment wp-att-1607\"><img decoding=\"async\" loading=\"lazy\" class=\"aligncenter wp-image-1607 size-full\" src=\"https:\/\/luzpaisajistica.es\/wp-content\/uploads\/camino_pajares.png\" alt=\"\" width=\"987\" height=\"659\" srcset=\"https:\/\/luzpaisajistica.es\/wp-content\/uploads\/camino_pajares.png 987w, https:\/\/luzpaisajistica.es\/wp-content\/uploads\/camino_pajares-300x200.png 300w\" sizes=\"(max-width: 987px) 100vw, 987px\" \/><\/a><a href=\"https:\/\/luzpaisajistica.es\/wp-content\/uploads\/camino.png\" rel=\"attachment wp-att-1558\">\u00a0 \u00a0 \u00a0 \u00a0 \u00a0 \u00a0 \u00a0 \u00a0 \u00a0 \u00a0 \u00a0 \u00a0 \u00a0 \u00a0 \u00a0 \u00a0 \u00a0 \u00a0 \u00a0 \u00a0 \u00a0 \u00a0Concejo de Pajares, Asturias<\/a><\/p>\n<hr \/>\n<h1>\u00a0Split (Croatia)<\/h1>\n<p style=\"text-align: justify;\"><strong>El Palacio de Diocleciano es un monumento construido en la ciudad de Split, Croatia. El monumento fue edificado por encargo del emperador Diocleciano entre los siglos III y IV<a title=\"Siglo IV\" href=\"http:\/\/es.wikipedia.org\/wiki\/Siglo_IV\"> d.C.. <\/a>Diocleciano mand\u00f3 a construir este palacio para pasar sus \u00faltimos d\u00edas luego de su abdicaci\u00f3n en mayo del 305 AD. Hoy, el palacio se ha transformado en el coraz\u00f3n de la ciudad de Split y a su alrededor pueden ser encontrados todos los edificios y monumentos importantes de la ciudad. El palacio se encuentra muy bien conservado y es reconocido como uno de los lugares arquitect\u00f3nicos m\u00e1s bellos de la costa adri\u00e1tica de Croacia. En 1979 la Unesco declar\u00f3 al conjunto hist\u00f3rico de Split, incluyendo el palacio de Diocleciano, como Patrimonio cultural de la Humanidad.<\/strong><\/p>\n<p><a href=\"https:\/\/luzpaisajistica.es\/wp-content\/uploads\/2013\/06\/DSC3910_9948.jpg\"><img decoding=\"async\" loading=\"lazy\" class=\"aligncenter wp-image-980 size-full\" src=\"https:\/\/luzpaisajistica.es\/wp-content\/uploads\/2013\/06\/DSC3910_9948.jpg\" alt=\"\" width=\"965\" height=\"641\" srcset=\"https:\/\/luzpaisajistica.es\/wp-content\/uploads\/2013\/06\/DSC3910_9948.jpg 965w, https:\/\/luzpaisajistica.es\/wp-content\/uploads\/2013\/06\/DSC3910_9948-300x199.jpg 300w, https:\/\/luzpaisajistica.es\/wp-content\/uploads\/2013\/06\/DSC3910_9948-120x80.jpg 120w\" sizes=\"(max-width: 965px) 100vw, 965px\" \/><\/a><\/p>\n<p style=\"text-align: justify;\"><strong>Actualmente, alrededor de estas viviendas han surgido estrechas callejuelas, en las que las mismas piedras romanas han servido como material para levantar residencias y palacios de varias \u00e9pocas. Y por estas calles siempre pasa gente y hay tiendas, mercadillos \u00a1movimiento!, pues ese es uno de las detalles que mas choca de Split. Que el palacio est\u00e1 vivo y habitado, algo \u00fanico en el mundo.<\/strong><\/p>\n<p style=\"text-align: justify;\"><a href=\"https:\/\/luzpaisajistica.es\/wp-content\/uploads\/2013\/06\/streetsplit-2.jpg\"><img decoding=\"async\" loading=\"lazy\" class=\"aligncenter wp-image-983 size-full\" src=\"https:\/\/luzpaisajistica.es\/wp-content\/uploads\/2013\/06\/streetsplit-2.jpg\" alt=\"\" width=\"965\" height=\"641\" srcset=\"https:\/\/luzpaisajistica.es\/wp-content\/uploads\/2013\/06\/streetsplit-2.jpg 965w, https:\/\/luzpaisajistica.es\/wp-content\/uploads\/2013\/06\/streetsplit-2-300x199.jpg 300w, https:\/\/luzpaisajistica.es\/wp-content\/uploads\/2013\/06\/streetsplit-2-120x80.jpg 120w\" sizes=\"(max-width: 965px) 100vw, 965px\" \/><\/a><\/p>\n<div id=\"stcpDiv\" style=\"position: absolute; top: -1999px; left: -1988px;\">Actualmente, alrededor de estas viviendas han surgido estrechas callejuelas, en las que las mismas piedras romanas han servido como material para levantar residencias y palacios de varias \u00e9pocas, como los de Agubio, Papalic y Cindro, o las iglesias de San Felipe Ner\u00ed o San Roque. Y por estas calles siempre pasa gente y hay tiendas, mercadillos \u00a1movimiento!, pues ese es uno de las detalles que mas choca de Split. Que el palacio est\u00e1 vivo y habitado, algo \u00fanico en el mundo. &#8211; See more at: http:\/\/www.laviajeraempedernida.com\/split-calles-cargadas-de-historia-en-la-costa-de-croacia\/#sthash.5lr1afHo.dpuf<\/div>\n<div id=\"stcpDiv\" style=\"position: absolute; top: -1999px; left: -1988px;\">Actualmente, alrededor de estas viviendas han surgido estrechas callejuelas, en las que las mismas piedras romanas han servido como material para levantar residencias y palacios de varias \u00e9pocas, como los de Agubio, Papalic y Cindro, o las iglesias de San Felipe Ner\u00ed o San Roque. Y por estas calles siempre pasa gente y hay tiendas, mercadillos \u00a1movimiento!, pues ese es uno de las detalles que mas choca de Split. Que el palacio est\u00e1 vivo y habitado, algo \u00fanico en el mundo. &#8211; See more at: http:\/\/www.laviajeraempedernida.com\/split-calles-cargadas-de-historia-en-la-costa-de-croacia\/#sthash.5lr1afHo.dpuf<\/div>\n<div id=\"stcpDiv\" style=\"position: absolute; top: -1999px; left: -1988px;\">Actualmente, alrededor de estas viviendas han surgido estrechas callejuelas, en las que las mismas piedras romanas han servido como material para levantar residencias y palacios de varias \u00e9pocas, como los de Agubio, Papalic y Cindro, o las iglesias de San Felipe Ner\u00ed o San Roque. Y por estas calles siempre pasa gente y hay tiendas, mercadillos \u00a1movimiento!, pues ese es uno de las detalles que mas choca de Split. Que el palacio est\u00e1 vivo y habitado, algo \u00fanico en el mundo. &#8211; See more at: http:\/\/www.laviajeraempedernida.com\/split-calles-cargadas-de-historia-en-la-costa-de-croacia\/#sthash.5lr1afHo.dpuf<\/div>\n<h4><\/h4>\n","protected":false},"excerpt":{"rendered":"<p>Bufones de Pria Los\u00a0bufones de Pr\u00eda\u00a0se encuentran en la localidad\u00a0espa\u00f1ola\u00a0de\u00a0Llanes de Pr\u00eda, en el\u00a0concejo\u00a0asturiano\u00a0de\u00a0Llanes. Se trata de la agrupaci\u00f3n de\u00a0bufones\u00a0m\u00e1s occidental de la costa asturiana. Est\u00e1 integrado dentro del\u00a0Paisaje Protegido de la Costa Oriental de Asturias.1\u200b Un buf\u00f3n es una formaci\u00f3n k\u00e1rstica que consiste en un orificio vertical formado a pocos metros del borde de [&hellip;]<\/p>\n","protected":false},"author":1,"featured_media":0,"parent":0,"menu_order":0,"comment_status":"closed","ping_status":"closed","template":"","meta":[],"_links":{"self":[{"href":"https:\/\/luzpaisajistica.es\/index.php?rest_route=\/wp\/v2\/pages\/390"}],"collection":[{"href":"https:\/\/luzpaisajistica.es\/index.php?rest_route=\/wp\/v2\/pages"}],"about":[{"href":"https:\/\/luzpaisajistica.es\/index.php?rest_route=\/wp\/v2\/types\/page"}],"author":[{"embeddable":true,"href":"https:\/\/luzpaisajistica.es\/index.php?rest_route=\/wp\/v2\/users\/1"}],"replies":[{"embeddable":true,"href":"https:\/\/luzpaisajistica.es\/index.php?rest_route=%2Fwp%2Fv2%2Fcomments&post=390"}],"version-history":[{"count":326,"href":"https:\/\/luzpaisajistica.es\/index.php?rest_route=\/wp\/v2\/pages\/390\/revisions"}],"predecessor-version":[{"id":1716,"href":"https:\/\/luzpaisajistica.es\/index.php?rest_route=\/wp\/v2\/pages\/390\/revisions\/1716"}],"wp:attachment":[{"href":"https:\/\/luzpaisajistica.es\/index.php?rest_route=%2Fwp%2Fv2%2Fmedia&parent=390"}],"curies":[{"name":"wp","href":"https:\/\/api.w.org\/{rel}","templated":true}]}}